{"id":1097,"date":"2024-03-05T08:24:07","date_gmt":"2024-03-05T08:24:07","guid":{"rendered":"https:\/\/developmentsolutionagancy.eu\/vienna-guide\/?page_id=1097"},"modified":"2025-04-30T10:52:51","modified_gmt":"2025-04-30T10:52:51","slug":"imperiale-sammlungen-und-schaetze","status":"publish","type":"page","link":"https:\/\/vienna-local.guide\/en\/imperiale-sammlungen-und-schaetze\/","title":{"rendered":"IMPERIAL COLLECTIONS AND TREASURES"},"content":{"rendered":"\n[et_pb_section fb_built=&#8220;1&#8243; custom_padding_last_edited=&#8220;on|phone&#8220; _builder_version=&#8220;4.23.1&#8243; _module_preset=&#8220;default&#8220; overflow-x=&#8220;hidden&#8220; custom_padding_tablet=&#8220;&#8220; custom_padding_phone=&#8220;40px|16px|0px|16px|false|true&#8220; da_disable_devices=&#8220;off|off|off&#8220; global_colors_info=&#8220;{}&#8220; da_is_popup=&#8220;off&#8220; da_exit_intent=&#8220;off&#8220; da_has_close=&#8220;on&#8220; da_alt_close=&#8220;off&#8220; da_dark_close=&#8220;off&#8220; da_not_modal=&#8220;on&#8220; da_is_singular=&#8220;off&#8220; da_with_loader=&#8220;off&#8220; da_has_shadow=&#8220;on&#8220;][et_pb_row custom_padding_last_edited=&#8220;on|phone&#8220; _builder_version=&#8220;4.23.1&#8243; _module_preset=&#8220;default&#8220; width=&#8220;100%&#8220; custom_padding_tablet=&#8220;&#8220; custom_padding_phone=&#8220;0px||0px||false|false&#8220; global_colors_info=&#8220;{}&#8220;][et_pb_column type=&#8220;4_4&#8243; _builder_version=&#8220;4.23.1&#8243; _module_preset=&#8220;default&#8220; global_colors_info=&#8220;{}&#8220;][et_pb_heading title=&#8220;Imperiale Sammlungen und Sch\u00e4tze&#8220; _builder_version=&#8220;4.23.1&#8243; _module_preset=&#8220;default&#8220; title_font=&#8220;Montserrat||||||||&#8220; title_text_color=&#8220;#111111&#8243; title_font_size=&#8220;48px&#8220; title_line_height=&#8220;58px&#8220; title_font_size_tablet=&#8220;48px&#8220; title_font_size_phone=&#8220;32px&#8220; title_font_size_last_edited=&#8220;on|phone&#8220; title_line_height_tablet=&#8220;58px&#8220; title_line_height_phone=&#8220;39px&#8220; title_line_height_last_edited=&#8220;on|phone&#8220; global_colors_info=&#8220;{}&#8220;][\/et_pb_heading][\/et_pb_column][\/et_pb_row][et_pb_row column_structure=&#8220;1_2,1_2&#8243; custom_padding_last_edited=&#8220;on|phone&#8220; _builder_version=&#8220;4.23.1&#8243; _module_preset=&#8220;default&#8220; width=&#8220;100%&#8220; width_tablet=&#8220;&#8220; width_phone=&#8220;100%&#8220; width_last_edited=&#8220;on|phone&#8220; custom_padding_tablet=&#8220;&#8220; custom_padding_phone=&#8220;0px||0px||true|false&#8220; global_colors_info=&#8220;{}&#8220;][et_pb_column type=&#8220;1_2&#8243; _builder_version=&#8220;4.23.1&#8243; _module_preset=&#8220;default&#8220; global_colors_info=&#8220;{}&#8220;][et_pb_text _builder_version=&#8220;4.27.4&#8243; _module_preset=&#8220;default&#8220; text_font=&#8220;Montserrat||||||||&#8220; text_text_color=&#8220;#646464&#8243; text_font_size=&#8220;16px&#8220; text_line_height=&#8220;22px&#8220; hover_enabled=&#8220;0&#8243; custom_css_main_element=&#8220;font-weight:400&#8243; global_colors_info=&#8220;{}&#8220; sticky_enabled=&#8220;0&#8243;]<p>Empfohlen bis 10 Personen<\/p>\n<p>Dauer ca. 3 h<\/p>\n<p>Exklusive Eintrittskarte (ca. \u20ac 29.-p.P.)<\/p>\n<p>Die Tickets k\u00f6nnen im Anschluss ebenfalls f\u00fcr manche andere Museen der KHM Gruppe verwendet werden<\/p>\n<p><strong>\u20ac 396,- inkl. MwSt.<\/strong><\/p>[\/et_pb_text][et_pb_button button_url=&#8220;#buchen-form&#8220; button_text=&#8220;Jetzt buchen&#8220; button_alignment_tablet=&#8220;&#8220; button_alignment_phone=&#8220;left&#8220; button_alignment_last_edited=&#8220;on|phone&#8220; _builder_version=&#8220;4.23.1&#8243; _module_preset=&#8220;default&#8220; custom_button=&#8220;on&#8220; button_text_size=&#8220;16px&#8220; button_text_color=&#8220;#ffffff&#8220; button_bg_color=&#8220;#4574c9&#8243; button_border_width=&#8220;0px&#8220; button_border_radius=&#8220;30px&#8220; button_font=&#8220;Montserrat|600|||||||&#8220; button_use_icon=&#8220;off&#8220; custom_padding=&#8220;13px|32px|13px|32px|true|false&#8220; custom_css_free_form=&#8220;body #page-container .et_pb_section .et_pb_button_0:after{||  font-size:30px!important||}&#8220; locked=&#8220;off&#8220; global_colors_info=&#8220;{}&#8220;][\/et_pb_button][\/et_pb_column][et_pb_column type=&#8220;1_2&#8243; disabled_on=&#8220;on|off|off&#8220; _builder_version=&#8220;4.23.1&#8243; _module_preset=&#8220;default&#8220; global_colors_info=&#8220;{}&#8220;][\/et_pb_column][\/et_pb_row][et_pb_row column_structure=&#8220;1_2,1_2&#8243; use_custom_gutter=&#8220;on&#8220; gutter_width=&#8220;2&#8243; _builder_version=&#8220;4.23.1&#8243; _module_preset=&#8220;default&#8220; width=&#8220;100%&#8220; width_tablet=&#8220;70%&#8220; width_phone=&#8220;100%&#8220; width_last_edited=&#8220;on|phone&#8220; custom_css_main_element=&#8220;display:flex;||align-items:center&#8220; global_colors_info=&#8220;{}&#8220; custom_css_main_element_last_edited=&#8220;on|phone&#8220; custom_css_main_element_phone=&#8220;display:block&#8220; custom_css_main_element_tablet=&#8220;display:flex;||align-items:center&#8220;][et_pb_column type=&#8220;1_2&#8243; _builder_version=&#8220;4.23.1&#8243; _module_preset=&#8220;default&#8220; custom_css_main_element=&#8220;display:flex;&#8220; global_colors_info=&#8220;{}&#8220;][et_pb_image src=&#8220;https:\/\/vienna-local.guide\/wp-content\/uploads\/2024\/05\/KHM-2.jpg&#8220; title_text=&#8220;KHM (2)&#8220; align=&#8220;center&#8220; _builder_version=&#8220;4.23.1&#8243; _module_preset=&#8220;default&#8220; width_tablet=&#8220;&#8220; width_phone=&#8220;100%&#8220; width_last_edited=&#8220;on|phone&#8220; custom_margin=&#8220;|30px|||false|false&#8220; global_colors_info=&#8220;{}&#8220;][\/et_pb_image][et_pb_text _builder_version=&#8220;4.23.1&#8243; _module_preset=&#8220;default&#8220; text_font=&#8220;Montserrat||||||||&#8220; positioning=&#8220;absolute&#8220; vertical_offset=&#8220;462px&#8220; horizontal_offset=&#8220;283px&#8220; vertical_offset_tablet=&#8220;462px&#8220; vertical_offset_phone=&#8220;310px&#8220; vertical_offset_last_edited=&#8220;on|phone&#8220; horizontal_offset_tablet=&#8220;283px&#8220; horizontal_offset_phone=&#8220;107px&#8220; horizontal_offset_last_edited=&#8220;on|phone&#8220; width=&#8220;100%&#8220; custom_padding=&#8220;16px||||false|false&#8220; global_colors_info=&#8220;{}&#8220;]<p><span>\u00a9 WienTourismus<\/span><\/p>[\/et_pb_text][et_pb_image src=&#8220;https:\/\/vienna-local.guide\/wp-content\/uploads\/2024\/05\/Schatzkammer-4.jpg&#8220; title_text=&#8220;Schatzkammer (4)&#8220; show_bottom_space=&#8220;off&#8220; align=&#8220;center&#8220; _builder_version=&#8220;4.23.1&#8243; _module_preset=&#8220;default&#8220; width=&#8220;300px&#8220; width_tablet=&#8220;300px&#8220; width_phone=&#8220;100%&#8220; width_last_edited=&#8220;on|phone&#8220; custom_margin=&#8220;100px||||false|false&#8220; global_colors_info=&#8220;{}&#8220;][\/et_pb_image][\/et_pb_column][et_pb_column type=&#8220;1_2&#8243; _builder_version=&#8220;4.23.1&#8243; _module_preset=&#8220;default&#8220; global_colors_info=&#8220;{}&#8220;][et_pb_text _builder_version=&#8220;4.23.1&#8243; _module_preset=&#8220;default&#8220; text_font=&#8220;Montserrat||||||||&#8220; text_text_color=&#8220;#646464&#8243; text_font_size=&#8220;16px&#8220; text_line_height=&#8220;22px&#8220; custom_margin_tablet=&#8220;&#8220; custom_margin_phone=&#8220;32px||||false|false&#8220; custom_margin_last_edited=&#8220;on|phone&#8220; custom_css_main_element=&#8220;font-weight:400&#8243; global_colors_info=&#8220;{}&#8220;]<p>Die kombinierte Tour der Kunstkammer im Kunsthistorischen Museum und der Schatzkammer in Wien bietet eine faszinierende Reise durch die Kunst, Kultur und Geschichte der Habsburgermonarchie.<\/p>[\/et_pb_text][et_pb_text _builder_version=&#8220;4.23.1&#8243; _module_preset=&#8220;default&#8220; text_font=&#8220;Montserrat||||||||&#8220; text_text_color=&#8220;#646464&#8243; text_font_size=&#8220;16px&#8220; text_line_height=&#8220;22px&#8220; custom_css_main_element=&#8220;font-weight:400&#8243; global_colors_info=&#8220;{}&#8220;]Die Kunstkammer beherbergt eine beeindruckende Sammlung von Kunstwerken, Kuriosit\u00e4ten und Kunsthandwerken aus verschiedenen Epochen. und vermittelt ein lebendiges Bild von der k\u00fcnstlerischen und kulturellen Vielfalt der vergangenen Jahrhunderte.Hier k\u00f6nnen Besucher kostbare Objekte wie kunstvoll gearbeitete Schmuckst\u00fccke, antike Waffen, pr\u00e4chtige Uhren, exotische Kunstgegenst\u00e4nde und andere Sch\u00e4tze bewundern.[\/et_pb_text][\/et_pb_column][\/et_pb_row][et_pb_row column_structure=&#8220;3_5,2_5&#8243; use_custom_gutter=&#8220;on&#8220; gutter_width=&#8220;2&#8243; _builder_version=&#8220;4.23.1&#8243; _module_preset=&#8220;default&#8220; width=&#8220;100%&#8220; width_tablet=&#8220;70%&#8220; width_phone=&#8220;100%&#8220; width_last_edited=&#8220;on|phone&#8220; custom_css_main_element=&#8220;display:flex;||align-items:center;||justify-content:center&#8220; global_colors_info=&#8220;{}&#8220; width__hover_enabled=&#8220;on|desktop&#8220; custom_css_main_element_last_edited=&#8220;on|phone&#8220; custom_css_main_element_phone=&#8220;display:flex;||flex-direction:column-reverse&#8220; width__hover=&#8220;70%&#8220; custom_css_main_element_tablet=&#8220;display:flex;||align-items:center;||justify-content:center&#8220;][et_pb_column type=&#8220;3_5&#8243; _builder_version=&#8220;4.23.1&#8243; _module_preset=&#8220;default&#8220; global_colors_info=&#8220;{}&#8220;][et_pb_text _builder_version=&#8220;4.23.1&#8243; _module_preset=&#8220;default&#8220; text_font=&#8220;Montserrat||||||||&#8220; text_text_color=&#8220;#646464&#8243; text_font_size=&#8220;16px&#8220; text_line_height=&#8220;22px&#8220; custom_margin_tablet=&#8220;&#8220; custom_margin_phone=&#8220;24px||||false|false&#8220; custom_margin_last_edited=&#8220;on|phone&#8220; custom_css_main_element=&#8220;font-weight:400&#8243; global_colors_info=&#8220;{}&#8220;]<p>Die Schatzkammer hingegen ist der Ort, an dem die k\u00f6niglichen Sch\u00e4tze der Habsburgerdynastie aufbewahrt werden. Hier k\u00f6nnen Besucher Kronen, Diademe, kostbare Edelsteine, k\u00f6nigliche Insignien, religi\u00f6se Reliquien und andere kostbare Objekte bestaunen, die die Pracht und den Reichtum der Monarchie widerspiegeln.<\/p>[\/et_pb_text][\/et_pb_column][et_pb_column type=&#8220;2_5&#8243; _builder_version=&#8220;4.23.1&#8243; _module_preset=&#8220;default&#8220; custom_css_main_element=&#8220;display:flex;||&#8220; global_colors_info=&#8220;{}&#8220; custom_css_main_element_last_edited=&#8220;on|phone&#8220; custom_css_main_element_phone=&#8220;display:block&#8220; custom_css_main_element_tablet=&#8220;display:flex;||&#8220;][et_pb_image src=&#8220;https:\/\/vienna-local.guide\/wp-content\/uploads\/2024\/05\/Schatzkammer-2.jpg&#8220; title_text=&#8220;Schatzkammer (2)&#8220; align=&#8220;right&#8220; _builder_version=&#8220;4.23.1&#8243; _module_preset=&#8220;default&#8220; width=&#8220;350px&#8220; custom_margin=&#8220;||||false|false&#8220; custom_margin_tablet=&#8220;||||false|false&#8220; custom_margin_phone=&#8220;||16px||false|false&#8220; custom_margin_last_edited=&#8220;on|phone&#8220; global_colors_info=&#8220;{}&#8220;][\/et_pb_image][et_pb_text _builder_version=&#8220;4.23.1&#8243; _module_preset=&#8220;default&#8220; text_font=&#8220;Montserrat||||||||&#8220; positioning=&#8220;absolute&#8220; vertical_offset=&#8220;475px&#8220; horizontal_offset=&#8220;123px&#8220; position_origin_a_tablet=&#8220;&#8220; position_origin_a_phone=&#8220;&#8220; position_origin_a_last_edited=&#8220;on|phone&#8220; position_origin_f_tablet=&#8220;&#8220; position_origin_f_phone=&#8220;&#8220; position_origin_f_last_edited=&#8220;on|phone&#8220; position_origin_r_tablet=&#8220;&#8220; position_origin_r_phone=&#8220;&#8220; position_origin_r_last_edited=&#8220;on|phone&#8220; width=&#8220;100%&#8220; custom_padding_tablet=&#8220;&#8220; custom_padding_phone=&#8220;&#8220; custom_padding_last_edited=&#8220;on|phone&#8220; positioning_tablet=&#8220;absolute&#8220; positioning_phone=&#8220;none&#8220; positioning_last_edited=&#8220;on|phone&#8220; text_orientation_tablet=&#8220;&#8220; text_orientation_phone=&#8220;center&#8220; text_orientation_last_edited=&#8220;on|phone&#8220; locked=&#8220;off&#8220; global_colors_info=&#8220;{}&#8220;]<p><span>\u00a9 WienTourismus<\/span><\/p>[\/et_pb_text][\/et_pb_column][\/et_pb_row][et_pb_row column_structure=&#8220;2_5,3_5&#8243; use_custom_gutter=&#8220;on&#8220; gutter_width=&#8220;2&#8243; _builder_version=&#8220;4.23.1&#8243; _module_preset=&#8220;default&#8220; width=&#8220;100%&#8220; width_tablet=&#8220;70%&#8220; width_phone=&#8220;100%&#8220; width_last_edited=&#8220;on|phone&#8220; custom_css_main_element=&#8220;display:flex;||align-items:center;||justify-content:center&#8220; global_colors_info=&#8220;{}&#8220; width__hover_enabled=&#8220;on|desktop&#8220; custom_css_main_element_last_edited=&#8220;on|phone&#8220; custom_css_main_element_phone=&#8220;display:block&#8220; width__hover=&#8220;70%&#8220; custom_css_main_element_tablet=&#8220;display:flex;||align-items:center;||justify-content:center&#8220;][et_pb_column type=&#8220;2_5&#8243; _builder_version=&#8220;4.23.1&#8243; _module_preset=&#8220;default&#8220; custom_css_main_element=&#8220;display:flex;||&#8220; global_colors_info=&#8220;{}&#8220; custom_css_main_element_last_edited=&#8220;on|phone&#8220; custom_css_main_element_phone=&#8220;display:block&#8220; custom_css_main_element_tablet=&#8220;display:flex;||&#8220;][et_pb_image src=&#8220;https:\/\/vienna-local.guide\/wp-content\/uploads\/2024\/05\/Schatzkammer-1-scaled.jpg&#8220; title_text=&#8220;Schatzkammer (1)&#8220; align=&#8220;right&#8220; _builder_version=&#8220;4.23.1&#8243; _module_preset=&#8220;default&#8220; custom_margin=&#8220;||||false|false&#8220; global_colors_info=&#8220;{}&#8220;][\/et_pb_image][et_pb_text _builder_version=&#8220;4.23.1&#8243; _module_preset=&#8220;default&#8220; text_font=&#8220;Montserrat||||||||&#8220; positioning=&#8220;absolute&#8220; vertical_offset=&#8220;356px&#8220; position_origin_a_tablet=&#8220;&#8220; position_origin_a_phone=&#8220;&#8220; position_origin_a_last_edited=&#8220;on|phone&#8220; position_origin_f_tablet=&#8220;&#8220; position_origin_f_phone=&#8220;&#8220; position_origin_f_last_edited=&#8220;on|phone&#8220; position_origin_r_tablet=&#8220;&#8220; position_origin_r_phone=&#8220;&#8220; position_origin_r_last_edited=&#8220;on|phone&#8220; width=&#8220;100%&#8220; positioning_tablet=&#8220;absolute&#8220; positioning_phone=&#8220;none&#8220; positioning_last_edited=&#8220;on|phone&#8220; text_orientation_tablet=&#8220;&#8220; text_orientation_phone=&#8220;center&#8220; text_orientation_last_edited=&#8220;on|phone&#8220; global_colors_info=&#8220;{}&#8220;]<p><span>\u00a9 WienTourismus<\/span><\/p>[\/et_pb_text][\/et_pb_column][et_pb_column type=&#8220;3_5&#8243; _builder_version=&#8220;4.23.1&#8243; _module_preset=&#8220;default&#8220; global_colors_info=&#8220;{}&#8220;][et_pb_text _builder_version=&#8220;4.23.1&#8243; _module_preset=&#8220;default&#8220; text_font=&#8220;Montserrat||||||||&#8220; text_text_color=&#8220;#646464&#8243; text_font_size=&#8220;16px&#8220; text_line_height=&#8220;22px&#8220; custom_css_main_element=&#8220;font-weight:400&#8243; global_colors_info=&#8220;{}&#8220;]Die Schatzkammer bietet einen einzigartigen Einblick in das k\u00f6nigliche Erbe und die historische Bedeutung der Habsburger in Europa. Zusammen bieten die Kunstkammer und die Schatzkammer einen faszinierenden Einblick in die reiche Geschichte und kulturelle Bedeutung der Habsburgermonarchie und sind ein absolutes Muss f\u00fcr alle, die sich f\u00fcr Kunst, Geschichte und Kultur interessieren. [\/et_pb_text][\/et_pb_column][\/et_pb_row][et_pb_row _builder_version=&#8220;4.23.1&#8243; _module_preset=&#8220;default&#8220; width_tablet=&#8220;&#8220; width_phone=&#8220;100%&#8220; width_last_edited=&#8220;on|phone&#8220; locked=&#8220;off&#8220; global_colors_info=&#8220;{}&#8220;][et_pb_column type=&#8220;4_4&#8243; _builder_version=&#8220;4.23.1&#8243; _module_preset=&#8220;default&#8220; global_colors_info=&#8220;{}&#8220;][et_pb_slider show_pagination=&#8220;off&#8220; arrows_custom_color=&#8220;#FFFFFF&#8220; _builder_version=&#8220;4.23.1&#8243; _module_preset=&#8220;default&#8220; header_font=&#8220;Montserrat|600|||||||&#8220; header_text_color=&#8220;#FFFFFF&#8220; header_font_size=&#8220;14px&#8220; body_font=&#8220;Montserrat||||||||&#8220; height=&#8220;600px&#8220; custom_css_slide_arrows=&#8220;background-color:rgba(231,231,231,0.79)!important;||border-radius:30px&#8220; global_colors_info=&#8220;{}&#8220;][et_pb_slide _builder_version=&#8220;4.23.1&#8243; _module_preset=&#8220;default&#8220; header_font=&#8220;Montserrat||||||||&#8220; background_image=&#8220;https:\/\/vienna-local.guide\/wp-content\/uploads\/2024\/05\/KHM-1-scaled.jpg&#8220; background_enable_image=&#8220;on&#8220; global_colors_info=&#8220;{}&#8220; sticky_transition=&#8220;on&#8220;][\/et_pb_slide][et_pb_slide _builder_version=&#8220;4.23.1&#8243; _module_preset=&#8220;default&#8220; background_image=&#8220;https:\/\/vienna-local.guide\/wp-content\/uploads\/2024\/05\/Schatzkammer-3.jpg&#8220; background_enable_image=&#8220;on&#8220; global_colors_info=&#8220;{}&#8220; sticky_transition=&#8220;on&#8220;][\/et_pb_slide][et_pb_slide _builder_version=&#8220;4.23.1&#8243; _module_preset=&#8220;default&#8220; background_image=&#8220;https:\/\/vienna-local.guide\/wp-content\/uploads\/2024\/05\/KHM-3.jpg&#8220; background_enable_image=&#8220;on&#8220; global_colors_info=&#8220;{}&#8220; sticky_transition=&#8220;on&#8220;][\/et_pb_slide][\/et_pb_slider][et_pb_text _builder_version=&#8220;4.23.1&#8243; _module_preset=&#8220;default&#8220; text_font=&#8220;Montserrat||||||||&#8220; vertical_offset=&#8220;356px&#8220; text_orientation=&#8220;center&#8220; width=&#8220;100%&#8220; global_colors_info=&#8220;{}&#8220;]<p><span>\u00a9 WienTourismus<\/span><\/p>[\/et_pb_text][\/et_pb_column][\/et_pb_row][\/et_pb_section][et_pb_section fb_built=&#8220;1&#8243; custom_padding_last_edited=&#8220;on|phone&#8220; admin_label=&#8220;Popup &#8211; #buchen-form&#8220; module_id=&#8220;buchen-form&#8220; module_class=&#8220;popup&#8220; _builder_version=&#8220;4.23.1&#8243; _module_preset=&#8220;default&#8220; width=&#8220;60%&#8220; width_tablet=&#8220;60%&#8220; width_phone=&#8220;100%&#8220; width_last_edited=&#8220;on|phone&#8220; custom_padding_tablet=&#8220;&#8220; custom_padding_phone=&#8220;0px|24px|0px|24px|true|true&#8220; da_is_popup=&#8220;on&#8220; da_popup_slug=&#8220;buchen-form&#8220; da_disable_devices=&#8220;off|off|off&#8220; global_colors_info=&#8220;{}&#8220; da_exit_intent=&#8220;off&#8220; da_has_close=&#8220;on&#8220; da_alt_close=&#8220;off&#8220; da_dark_close=&#8220;off&#8220; da_not_modal=&#8220;on&#8220; da_is_singular=&#8220;off&#8220; da_with_loader=&#8220;off&#8220; da_has_shadow=&#8220;on&#8220;][et_pb_row _builder_version=&#8220;4.23.1&#8243; _module_preset=&#8220;default&#8220; width_tablet=&#8220;&#8220; width_phone=&#8220;100%&#8220; width_last_edited=&#8220;on|phone&#8220; global_colors_info=&#8220;{}&#8220;][et_pb_column type=&#8220;4_4&#8243; _builder_version=&#8220;4.23.1&#8243; _module_preset=&#8220;default&#8220; global_colors_info=&#8220;{}&#8220;][dsm_contact_form_7 cf7_library=&#8220;1328&#8243; _builder_version=&#8220;4.23.1&#8243; _module_preset=&#8220;default&#8220; width_tablet=&#8220;&#8220; width_phone=&#8220;100%&#8220; width_last_edited=&#8220;on|phone&#8220; global_colors_info=&#8220;{}&#8220;][\/dsm_contact_form_7][\/et_pb_column][\/et_pb_row][\/et_pb_section]\n","protected":false},"excerpt":{"rendered":"<p>Empfohlen bis 10 Personen Dauer ca. 3 h Exklusive Eintrittskarte (ca. \u20ac 29.-p.P.) Die Tickets k\u00f6nnen im Anschluss ebenfalls f\u00fcr manche andere Museen der KHM Gruppe verwendet werden \u20ac 396,- inkl. MwSt.\u00a9 WienTourismusDie kombinierte Tour der Kunstkammer im Kunsthistorischen Museum und der Schatzkammer in Wien bietet eine faszinierende Reise durch die Kunst, Kultur und Geschichte [&hellip;]<\/p>\n","protected":false},"author":5,"featured_media":0,"parent":0,"menu_order":0,"comment_status":"closed","ping_status":"closed","template":"","meta":{"_acf_changed":false,"_et_pb_use_builder":"on","_et_pb_old_content":"","_et_gb_content_width":"","footnotes":""},"class_list":["post-1097","page","type-page","status-publish","hentry"],"acf":[],"_links":{"self":[{"href":"https:\/\/vienna-local.guide\/en\/wp-json\/wp\/v2\/pages\/1097","targetHints":{"allow":["GET"]}}],"collection":[{"href":"https:\/\/vienna-local.guide\/en\/wp-json\/wp\/v2\/pages"}],"about":[{"href":"https:\/\/vienna-local.guide\/en\/wp-json\/wp\/v2\/types\/page"}],"author":[{"embeddable":true,"href":"https:\/\/vienna-local.guide\/en\/wp-json\/wp\/v2\/users\/5"}],"replies":[{"embeddable":true,"href":"https:\/\/vienna-local.guide\/en\/wp-json\/wp\/v2\/comments?post=1097"}],"version-history":[{"count":35,"href":"https:\/\/vienna-local.guide\/en\/wp-json\/wp\/v2\/pages\/1097\/revisions"}],"predecessor-version":[{"id":1909,"href":"https:\/\/vienna-local.guide\/en\/wp-json\/wp\/v2\/pages\/1097\/revisions\/1909"}],"wp:attachment":[{"href":"https:\/\/vienna-local.guide\/en\/wp-json\/wp\/v2\/media?parent=1097"}],"curies":[{"name":"wp","href":"https:\/\/api.w.org\/{rel}","templated":true}]}}