{"id":1182,"date":"2024-03-05T13:09:24","date_gmt":"2024-03-05T13:09:24","guid":{"rendered":"https:\/\/developmentsolutionagancy.eu\/vienna-guide\/?page_id=1182"},"modified":"2025-04-30T10:54:12","modified_gmt":"2025-04-30T10:54:12","slug":"stadtfuehrung-sehenswuerdigkeiten-der-historischen-innenstadt","status":"publish","type":"page","link":"https:\/\/vienna-local.guide\/en\/stadtfuehrung-sehenswuerdigkeiten-der-historischen-innenstadt\/","title":{"rendered":"CITY TOUR: SIGHTS OF THE HISTORICAL CITY CENTER"},"content":{"rendered":"\n[et_pb_section fb_built=&#8220;1&#8243; custom_padding_last_edited=&#8220;on|phone&#8220; _builder_version=&#8220;4.23.1&#8243; _module_preset=&#8220;default&#8220; custom_padding_tablet=&#8220;&#8220; custom_padding_phone=&#8220;40px|16px|40px|16px|true|true&#8220; da_disable_devices=&#8220;off|off|off&#8220; global_colors_info=&#8220;{}&#8220; da_is_popup=&#8220;off&#8220; da_exit_intent=&#8220;off&#8220; da_has_close=&#8220;on&#8220; da_alt_close=&#8220;off&#8220; da_dark_close=&#8220;off&#8220; da_not_modal=&#8220;on&#8220; da_is_singular=&#8220;off&#8220; da_with_loader=&#8220;off&#8220; da_has_shadow=&#8220;on&#8220;][et_pb_row custom_padding_last_edited=&#8220;on|phone&#8220; _builder_version=&#8220;4.23.1&#8243; _module_preset=&#8220;default&#8220; width=&#8220;100%&#8220; custom_padding_tablet=&#8220;&#8220; custom_padding_phone=&#8220;0px||0px||true|false&#8220; global_colors_info=&#8220;{}&#8220;][et_pb_column type=&#8220;4_4&#8243; _builder_version=&#8220;4.23.1&#8243; _module_preset=&#8220;default&#8220; global_colors_info=&#8220;{}&#8220;][et_pb_heading title=&#8220;Stadtf\u00fchrung: Sehensw\u00fcrdigkeiten der Historischen Innenstadt &#8220; _builder_version=&#8220;4.23.1&#8243; _module_preset=&#8220;default&#8220; title_font=&#8220;Montserrat||||||||&#8220; title_text_color=&#8220;#111111&#8243; title_font_size=&#8220;48px&#8220; title_line_height=&#8220;58px&#8220; title_font_size_tablet=&#8220;48px&#8220; title_font_size_phone=&#8220;32px&#8220; title_font_size_last_edited=&#8220;on|phone&#8220; title_line_height_tablet=&#8220;58px&#8220; title_line_height_phone=&#8220;39px&#8220; title_line_height_last_edited=&#8220;on|phone&#8220; global_colors_info=&#8220;{}&#8220;][\/et_pb_heading][\/et_pb_column][\/et_pb_row][et_pb_row column_structure=&#8220;1_2,1_2&#8243; custom_padding_last_edited=&#8220;on|phone&#8220; _builder_version=&#8220;4.23.1&#8243; _module_preset=&#8220;default&#8220; width=&#8220;100%&#8220; width_tablet=&#8220;&#8220; width_phone=&#8220;100%&#8220; width_last_edited=&#8220;on|phone&#8220; custom_padding_tablet=&#8220;&#8220; custom_padding_phone=&#8220;0px||||false|false&#8220; global_colors_info=&#8220;{}&#8220;][et_pb_column type=&#8220;1_2&#8243; _builder_version=&#8220;4.23.1&#8243; _module_preset=&#8220;default&#8220; global_colors_info=&#8220;{}&#8220;][et_pb_text _builder_version=&#8220;4.27.4&#8243; _module_preset=&#8220;default&#8220; text_font=&#8220;Montserrat||||||||&#8220; text_text_color=&#8220;#646464&#8243; text_font_size=&#8220;16px&#8220; text_line_height=&#8220;22px&#8220; hover_enabled=&#8220;0&#8243; custom_css_main_element=&#8220;font-weight:400&#8243; global_colors_info=&#8220;{}&#8220; sticky_enabled=&#8220;0&#8243;]Stadtrundgang, Empfohlen bis 10 Personen\n\nAuf Wunsch bieten wir die Tour auch f\u00fcr gr\u00f6\u00dfere Gruppen an\n\nDauer ca. 2,0h\n\nErleben Sie diese unvergessliche Reise durch die Vergangenheit f\u00fcr nur <strong>\u20ac264.- Inkl. MwSt.<\/strong>[\/et_pb_text][et_pb_button button_url=&#8220;#buchen-form&#8220; button_text=&#8220;Jetzt buchen&#8220; button_alignment_tablet=&#8220;&#8220; button_alignment_phone=&#8220;left&#8220; button_alignment_last_edited=&#8220;on|phone&#8220; _builder_version=&#8220;4.23.1&#8243; _module_preset=&#8220;default&#8220; custom_button=&#8220;on&#8220; button_text_size=&#8220;16px&#8220; button_text_color=&#8220;#ffffff&#8220; button_bg_color=&#8220;#4574c9&#8243; button_border_width=&#8220;0px&#8220; button_border_radius=&#8220;30px&#8220; button_font=&#8220;Montserrat|600|||||||&#8220; button_use_icon=&#8220;off&#8220; custom_padding=&#8220;13px|32px|13px|32px|true|false&#8220; custom_css_free_form=&#8220;body #page-container .et_pb_section .et_pb_button_0:after{||  font-size:30px!important||}&#8220; locked=&#8220;off&#8220; global_colors_info=&#8220;{}&#8220;][\/et_pb_button][\/et_pb_column][et_pb_column type=&#8220;1_2&#8243; disabled_on=&#8220;on|off|off&#8220; _builder_version=&#8220;4.23.1&#8243; _module_preset=&#8220;default&#8220; global_colors_info=&#8220;{}&#8220;][\/et_pb_column][\/et_pb_row][et_pb_row column_structure=&#8220;1_2,1_2&#8243; use_custom_gutter=&#8220;on&#8220; gutter_width=&#8220;2&#8243; _builder_version=&#8220;4.23.1&#8243; _module_preset=&#8220;default&#8220; width=&#8220;100%&#8220; width_tablet=&#8220;70%&#8220; width_phone=&#8220;100%&#8220; width_last_edited=&#8220;on|phone&#8220; custom_css_main_element=&#8220;display:flex;||align-items:center&#8220; global_colors_info=&#8220;{}&#8220; custom_css_main_element_last_edited=&#8220;on|phone&#8220; custom_css_main_element_phone=&#8220;display:block&#8220; custom_css_main_element_tablet=&#8220;display:flex;||align-items:center&#8220;][et_pb_column type=&#8220;1_2&#8243; _builder_version=&#8220;4.23.1&#8243; _module_preset=&#8220;default&#8220; global_colors_info=&#8220;{}&#8220;][et_pb_image src=&#8220;https:\/\/vienna-local.guide\/wp-content\/uploads\/2024\/05\/274093609_1931615753692094_7618991146172299705_n.jpg&#8220; title_text=&#8220;274093609_1931615753692094_7618991146172299705_n&#8220; align=&#8220;center&#8220; _builder_version=&#8220;4.23.1&#8243; _module_preset=&#8220;default&#8220; custom_margin=&#8220;||||false|false&#8220; global_colors_info=&#8220;{}&#8220;][\/et_pb_image][et_pb_text disabled_on=&#8220;off|off|off&#8220; _builder_version=&#8220;4.23.1&#8243; _module_preset=&#8220;default&#8220; text_font=&#8220;Montserrat||||||||&#8220; text_text_color=&#8220;#646464&#8243; vertical_offset=&#8220;490px&#8220; horizontal_offset=&#8220;322px&#8220; position_origin_a_tablet=&#8220;&#8220; position_origin_a_phone=&#8220;&#8220; position_origin_a_last_edited=&#8220;on|phone&#8220; position_origin_f_tablet=&#8220;&#8220; position_origin_f_phone=&#8220;&#8220; position_origin_f_last_edited=&#8220;on|phone&#8220; position_origin_r_tablet=&#8220;&#8220; position_origin_r_phone=&#8220;&#8220; position_origin_r_last_edited=&#8220;on|phone&#8220; text_orientation=&#8220;center&#8220; width=&#8220;100%&#8220; custom_margin=&#8220;-10px||||false|false&#8220; positioning_tablet=&#8220;&#8220; positioning_phone=&#8220;none&#8220; positioning_last_edited=&#8220;on|phone&#8220; custom_css_main_element=&#8220;font-weight:400&#8243; locked=&#8220;off&#8220; global_colors_info=&#8220;{}&#8220;]<p><span>\u00a9 WienTourismus<\/span><\/p>[\/et_pb_text][\/et_pb_column][et_pb_column type=&#8220;1_2&#8243; _builder_version=&#8220;4.23.1&#8243; _module_preset=&#8220;default&#8220; global_colors_info=&#8220;{}&#8220;][et_pb_text _builder_version=&#8220;4.23.1&#8243; _module_preset=&#8220;default&#8220; text_font=&#8220;Montserrat||||||||&#8220; text_text_color=&#8220;#646464&#8243; text_font_size=&#8220;16px&#8220; text_line_height=&#8220;22px&#8220; custom_css_main_element=&#8220;font-weight:400&#8243; global_colors_info=&#8220;{}&#8220;]<p>Tauchen Sie ein in die faszinierende Geschichte Wiens mit meiner sachkundigen Stadtf\u00fchrung durch die historische Altstadt. In einer etwa zweist\u00fcndigen Tour ab dem Treffpunkt bei der Oper entdecken Sie die verborgenen Sch\u00e4tze und Geheimnisse vergangener Epochen. Als Ihr erfahrener Reiseleiter f\u00fchre ich Sie durch die malerischen Stra\u00dfen der Altstadt und enth\u00fclle die Geschichte Wiens von seiner Entstehung bis zur Gegenwart, inklusive Einblicke in die Architektur und das Leben der Bewohner. Die Tour endet vor St. Stephan im pulsierenden Zentrum der Innenstadt.<\/p>\n<p>&nbsp;<\/p>[\/et_pb_text][\/et_pb_column][\/et_pb_row][et_pb_row _builder_version=&#8220;4.23.1&#8243; _module_preset=&#8220;default&#8220; width_tablet=&#8220;&#8220; width_phone=&#8220;100%&#8220; width_last_edited=&#8220;on|phone&#8220; locked=&#8220;off&#8220; global_colors_info=&#8220;{}&#8220;][et_pb_column type=&#8220;4_4&#8243; _builder_version=&#8220;4.23.1&#8243; _module_preset=&#8220;default&#8220; global_colors_info=&#8220;{}&#8220;][et_pb_slider arrows_custom_color=&#8220;#FFFFFF&#8220; _builder_version=&#8220;4.23.1&#8243; _module_preset=&#8220;default&#8220; height=&#8220;600px&#8220; custom_css_slide_arrows=&#8220;background-color:rgba(231,231,231,0.79)!important;||border-radius:30px&#8220; global_colors_info=&#8220;{}&#8220;][et_pb_slide _builder_version=&#8220;4.23.1&#8243; _module_preset=&#8220;default&#8220; background_image=&#8220;https:\/\/vienna-local.guide\/wp-content\/uploads\/2024\/05\/331443558_594450605444461_6418770378454175511_n.jpg&#8220; background_enable_image=&#8220;on&#8220; global_colors_info=&#8220;{}&#8220; sticky_transition=&#8220;on&#8220;][\/et_pb_slide][et_pb_slide _builder_version=&#8220;4.23.1&#8243; _module_preset=&#8220;default&#8220; background_image=&#8220;https:\/\/vienna-local.guide\/wp-content\/uploads\/2024\/05\/310052140_10223233218319423_3839780074829731630_n.jpg&#8220; background_enable_image=&#8220;on&#8220; global_colors_info=&#8220;{}&#8220; sticky_transition=&#8220;on&#8220;][\/et_pb_slide][et_pb_slide _builder_version=&#8220;4.23.1&#8243; _module_preset=&#8220;default&#8220; background_image=&#8220;https:\/\/vienna-local.guide\/wp-content\/uploads\/2024\/05\/343037961_1600316313801255_4389394772699663530_n.jpg&#8220; background_enable_image=&#8220;on&#8220; global_colors_info=&#8220;{}&#8220; sticky_transition=&#8220;on&#8220;][\/et_pb_slide][\/et_pb_slider][et_pb_text disabled_on=&#8220;off|off|off&#8220; _builder_version=&#8220;4.23.1&#8243; _module_preset=&#8220;default&#8220; text_font=&#8220;Montserrat||||||||&#8220; text_text_color=&#8220;#646464&#8243; vertical_offset=&#8220;490px&#8220; horizontal_offset=&#8220;322px&#8220; position_origin_a_tablet=&#8220;&#8220; position_origin_a_phone=&#8220;&#8220; position_origin_a_last_edited=&#8220;on|phone&#8220; position_origin_f_tablet=&#8220;&#8220; position_origin_f_phone=&#8220;&#8220; position_origin_f_last_edited=&#8220;on|phone&#8220; position_origin_r_tablet=&#8220;&#8220; position_origin_r_phone=&#8220;&#8220; position_origin_r_last_edited=&#8220;on|phone&#8220; text_orientation=&#8220;center&#8220; width=&#8220;100%&#8220; custom_margin=&#8220;-10px||||false|false&#8220; positioning_tablet=&#8220;&#8220; positioning_phone=&#8220;none&#8220; positioning_last_edited=&#8220;on|phone&#8220; custom_css_main_element=&#8220;font-weight:400&#8243; locked=&#8220;off&#8220; global_colors_info=&#8220;{}&#8220;]<p><span>\u00a9 WienTourismus<\/span><\/p>[\/et_pb_text][\/et_pb_column][\/et_pb_row][\/et_pb_section][et_pb_section fb_built=&#8220;1&#8243; custom_padding_last_edited=&#8220;on|phone&#8220; admin_label=&#8220;Popup &#8211; #buchen-form&#8220; module_id=&#8220;buchen-form&#8220; module_class=&#8220;popup&#8220; _builder_version=&#8220;4.23.1&#8243; _module_preset=&#8220;default&#8220; width=&#8220;60%&#8220; width_tablet=&#8220;60%&#8220; width_phone=&#8220;100%&#8220; width_last_edited=&#8220;on|phone&#8220; custom_padding_tablet=&#8220;&#8220; custom_padding_phone=&#8220;0px|24px|0px|24px|true|true&#8220; da_is_popup=&#8220;on&#8220; da_popup_slug=&#8220;buchen-form&#8220; da_disable_devices=&#8220;off|off|off&#8220; locked=&#8220;off&#8220; global_colors_info=&#8220;{}&#8220; da_exit_intent=&#8220;off&#8220; da_has_close=&#8220;on&#8220; da_alt_close=&#8220;off&#8220; da_dark_close=&#8220;off&#8220; da_not_modal=&#8220;on&#8220; da_is_singular=&#8220;off&#8220; da_with_loader=&#8220;off&#8220; da_has_shadow=&#8220;on&#8220;][et_pb_row _builder_version=&#8220;4.23.1&#8243; _module_preset=&#8220;default&#8220; width_tablet=&#8220;&#8220; width_phone=&#8220;100%&#8220; width_last_edited=&#8220;on|phone&#8220; global_colors_info=&#8220;{}&#8220;][et_pb_column type=&#8220;4_4&#8243; _builder_version=&#8220;4.23.1&#8243; _module_preset=&#8220;default&#8220; global_colors_info=&#8220;{}&#8220;][dsm_contact_form_7 cf7_library=&#8220;1328&#8243; _builder_version=&#8220;4.23.1&#8243; _module_preset=&#8220;default&#8220; width_tablet=&#8220;&#8220; width_phone=&#8220;100%&#8220; width_last_edited=&#8220;on|phone&#8220; global_colors_info=&#8220;{}&#8220;][\/dsm_contact_form_7][\/et_pb_column][\/et_pb_row][\/et_pb_section]\n","protected":false},"excerpt":{"rendered":"<p>Stadtrundgang, Empfohlen bis 10 Personen Auf Wunsch bieten wir die Tour auch f\u00fcr gr\u00f6\u00dfere Gruppen an Dauer ca. 2,0h Erleben Sie diese unvergessliche Reise durch die Vergangenheit f\u00fcr nur \u20ac264.- Inkl. MwSt.\u00a9 WienTourismusTauchen Sie ein in die faszinierende Geschichte Wiens mit meiner sachkundigen Stadtf\u00fchrung durch die historische Altstadt. In einer etwa zweist\u00fcndigen Tour ab dem [&hellip;]<\/p>\n","protected":false},"author":5,"featured_media":0,"parent":0,"menu_order":0,"comment_status":"closed","ping_status":"closed","template":"","meta":{"_acf_changed":false,"_et_pb_use_builder":"on","_et_pb_old_content":"","_et_gb_content_width":"","footnotes":""},"class_list":["post-1182","page","type-page","status-publish","hentry"],"acf":[],"_links":{"self":[{"href":"https:\/\/vienna-local.guide\/en\/wp-json\/wp\/v2\/pages\/1182","targetHints":{"allow":["GET"]}}],"collection":[{"href":"https:\/\/vienna-local.guide\/en\/wp-json\/wp\/v2\/pages"}],"about":[{"href":"https:\/\/vienna-local.guide\/en\/wp-json\/wp\/v2\/types\/page"}],"author":[{"embeddable":true,"href":"https:\/\/vienna-local.guide\/en\/wp-json\/wp\/v2\/users\/5"}],"replies":[{"embeddable":true,"href":"https:\/\/vienna-local.guide\/en\/wp-json\/wp\/v2\/comments?post=1182"}],"version-history":[{"count":14,"href":"https:\/\/vienna-local.guide\/en\/wp-json\/wp\/v2\/pages\/1182\/revisions"}],"predecessor-version":[{"id":1911,"href":"https:\/\/vienna-local.guide\/en\/wp-json\/wp\/v2\/pages\/1182\/revisions\/1911"}],"wp:attachment":[{"href":"https:\/\/vienna-local.guide\/en\/wp-json\/wp\/v2\/media?parent=1182"}],"curies":[{"name":"wp","href":"https:\/\/api.w.org\/{rel}","templated":true}]}}