{"id":1768,"date":"2024-09-25T12:45:51","date_gmt":"2024-09-25T12:45:51","guid":{"rendered":"https:\/\/vienna-local.guide\/?page_id=1768"},"modified":"2024-09-25T12:45:52","modified_gmt":"2024-09-25T12:45:52","slug":"impressum","status":"publish","type":"page","link":"https:\/\/vienna-local.guide\/en\/impressum\/","title":{"rendered":"Impressum"},"content":{"rendered":"<p>[et_pb_section fb_built=&#8220;1&#8243; theme_builder_area=&#8220;post_content&#8220; _builder_version=&#8220;4.23.1&#8243; _module_preset=&#8220;default&#8220; da_is_popup=&#8220;off&#8220; da_exit_intent=&#8220;off&#8220; da_has_close=&#8220;on&#8220; da_alt_close=&#8220;off&#8220; da_dark_close=&#8220;off&#8220; da_not_modal=&#8220;on&#8220; da_is_singular=&#8220;off&#8220; da_with_loader=&#8220;off&#8220; da_has_shadow=&#8220;on&#8220; da_disable_devices=&#8220;off|off|off&#8220;][et_pb_row _builder_version=&#8220;4.23.1&#8243; _module_preset=&#8220;default&#8220; theme_builder_area=&#8220;post_content&#8220; width_last_edited=&#8220;on|phone&#8220; width_phone=&#8220;90%&#8220; hover_enabled=&#8220;0&#8243; sticky_enabled=&#8220;0&#8243;][et_pb_column _builder_version=&#8220;4.23.1&#8243; _module_preset=&#8220;default&#8220; type=&#8220;4_4&#8243; theme_builder_area=&#8220;post_content&#8220;][et_pb_text _builder_version=&#8220;4.23.1&#8243; _module_preset=&#8220;default&#8220; theme_builder_area=&#8220;post_content&#8220; width=&#8220;100%&#8220; max_width=&#8220;100%&#8220; text_font=&#8220;Montserrat||||||||&#8220; text_text_color=&#8220;#000000&#8243; text_font_size=&#8220;16px&#8220; hover_enabled=&#8220;0&#8243; sticky_enabled=&#8220;0&#8243;]<\/p>\n<h1><\/h1>\n<h1><strong>Impressum<\/strong><\/h1>\n<p><strong><\/strong><\/p>\n<p><span>Angaben gem\u00e4\u00df den gesetzlichen Anforderungen:<\/span><\/p>\n<p><span>Name: Wolfgang Geist<\/span><\/p>\n<p><span>Adresse: Dr.Thomas Klestil Strasse 4\/3\/10, 2443 Unterwaltersdorf Telefon: +43 660 9377002<\/span><\/p>\n<p>E-Mail: <span><a href=\"mailto:tourguide.wolfgang@hotmail.com\">tourguide.wolfgang@hotmail.com<\/a><\/span><\/p>\n<p>&nbsp;<\/p>\n<p>Umsatzsteuer-Identifikationsnummer <span>(UID): ATU65903329 <\/span><\/p>\n<p><span>Firmenbuchnummer (FN):<\/span><\/p>\n<p><span><\/span><\/p>\n<p>Vertretungsberechtigter: <span>Wolfgang Geist<\/span><\/p>\n<p><span>Verantwortlich f\u00fcr den Inhalt nach \u00a7 55 Abs. 2 RStV: Wolfgang Geist, Adresse wie oben.<\/span><\/p>\n<p>&nbsp;<\/p>\n<h2><span>Haftungsausschluss f\u00fcr Inhalte und Links<\/span><\/h2>\n<p><span>Die Inhalte unserer Seiten wurden mit gr\u00f6\u00dfter Sorgfalt erstellt. F\u00fcr die Richtigkeit, Vollst\u00e4ndigkeit und Aktualit\u00e4t der Inhalte k\u00f6nnen wir jedoch keine Gew\u00e4hr \u00fcbernehmen. Als Diensteanbieter sind wir f\u00fcr eigene Inhalte auf diesen Seiten nach den allgemeinen Gesetzen verantwortlich. Wir sind jedoch nicht verpflichtet, \u00fcbermittelte oder gespeicherte fremde Informationen zu \u00fcberwachen oder nach Umst\u00e4nden zu forschen, die auf eine rechtswidrige T\u00e4tigkeit hinweisen.<\/span><\/p>\n<p>&nbsp;<\/p>\n<h2><span>Urheberrecht<\/span><\/h2>\n<p><span>Die durch die Seitenbetreiber erstellten Inhalte und Werke auf diesen Seiten unterliegen dem Urheberrecht. Die Vervielf\u00e4ltigung, Bearbeitung, Verbreitung und jede Art der Verwertung au\u00dferhalb der Grenzen des Urheberrechtes bed\u00fcrfen der schriftlichen Zustimmung des jeweiligen Autors bzw. Erstellers.<\/span><\/p>\n<p>&nbsp;<\/p>\n<h2><span>Hinweis zu externen Links<\/span><\/h2>\n<p><span>Unsere Webseite enth\u00e4lt Links zu externen Webseiten Dritter, auf deren Inhalte wir keinen Einfluss haben. Deshalb k\u00f6nnen wir f\u00fcr diese fremden Inhalte auch keine Gew\u00e4hr \u00fcbernehmen. F\u00fcr die Inhalte der verlinkten Seiten ist stets der jeweilige Anbieter oder Betreiber der Seiten verantwortlich.<\/span><\/p>\n<p>&nbsp;<\/p>\n<h2><span>Urheberrechtsinformation f\u00fcr Fotos und Inhalte<\/span><\/h2>\n<p><span>F\u00fcr alle auf dieser Webseite verwendeten Fotos und Inhalte, bei denen der Urheber nicht unmittelbar auf dem Foto oder neben dem Inhalt genannt wird, erfolgt die Urhebernennung an dieser Stelle im Impressum. Wir sind bestrebt, in allen Ver\u00f6ffentlichungen die Urheberrechte der verwendeten Bilder, Grafiken und Texte zu beachten, von uns selbst erstellte Bilder, Grafiken und Texte zu nutzen oder auf lizenzfreie Grafiken, Bilder und Texte zur\u00fcckzugreifen. Die Urheberrechte f\u00fcr ver\u00f6ffentlichte, vom Seitenbetreiber selbst erstellte<\/span><\/p>\n<p>&nbsp;<\/p>\n<p><span>Objekte bleiben allein beim Seitenbetreiber der Seiten. Eine Vervielf\u00e4ltigung oder Verwendung solcher Grafiken, Tondokumente, Videosequenzen und Texte in anderen elektronischen oder gedruckten Publikationen ist ohne ausdr\u00fcckliche Zustimmung des Urhebers nicht gestattet.<\/span><\/p>\n<p>&nbsp;<\/p>\n<p><span>Sollten Sie auf unserer Webseite Inhalte finden, deren Urheberrecht nicht oder nicht korrekt gekennzeichnet ist, bitten wir um einen Hinweis per E-Mail an <a href=\"mailto:tourguide.wolfgang@hotmail.com\">tourguide.wolfgang@hotmail.com, <\/a>damit wir die entsprechenden Urheberrechte erg\u00e4nzen oder die Inhalte entfernen k\u00f6nnen.<\/span><\/p>\n<p>[\/et_pb_text][\/et_pb_column][\/et_pb_row][\/et_pb_section]<\/p>\n","protected":false},"excerpt":{"rendered":"<p>Impressum Angaben gem\u00e4\u00df den gesetzlichen Anforderungen: Name: Wolfgang Geist Adresse: Dr.Thomas Klestil Strasse 4\/3\/10, 2443 Unterwaltersdorf Telefon: +43 660 9377002 E-Mail: tourguide.wolfgang@hotmail.com &nbsp; Umsatzsteuer-Identifikationsnummer (UID): ATU65903329 Firmenbuchnummer (FN): Vertretungsberechtigter: Wolfgang Geist Verantwortlich f\u00fcr den Inhalt nach \u00a7 55 Abs. 2 RStV: Wolfgang Geist, Adresse wie oben. &nbsp; Haftungsausschluss f\u00fcr Inhalte und Links Die Inhalte unserer [&hellip;]<\/p>\n","protected":false},"author":5,"featured_media":0,"parent":0,"menu_order":0,"comment_status":"closed","ping_status":"closed","template":"","meta":{"_acf_changed":false,"_et_pb_use_builder":"on","_et_pb_old_content":"","_et_gb_content_width":"","footnotes":""},"class_list":["post-1768","page","type-page","status-publish","hentry"],"acf":[],"_links":{"self":[{"href":"https:\/\/vienna-local.guide\/en\/wp-json\/wp\/v2\/pages\/1768","targetHints":{"allow":["GET"]}}],"collection":[{"href":"https:\/\/vienna-local.guide\/en\/wp-json\/wp\/v2\/pages"}],"about":[{"href":"https:\/\/vienna-local.guide\/en\/wp-json\/wp\/v2\/types\/page"}],"author":[{"embeddable":true,"href":"https:\/\/vienna-local.guide\/en\/wp-json\/wp\/v2\/users\/5"}],"replies":[{"embeddable":true,"href":"https:\/\/vienna-local.guide\/en\/wp-json\/wp\/v2\/comments?post=1768"}],"version-history":[{"count":2,"href":"https:\/\/vienna-local.guide\/en\/wp-json\/wp\/v2\/pages\/1768\/revisions"}],"predecessor-version":[{"id":1771,"href":"https:\/\/vienna-local.guide\/en\/wp-json\/wp\/v2\/pages\/1768\/revisions\/1771"}],"wp:attachment":[{"href":"https:\/\/vienna-local.guide\/en\/wp-json\/wp\/v2\/media?parent=1768"}],"curies":[{"name":"wp","href":"https:\/\/api.w.org\/{rel}","templated":true}]}}