{"id":1772,"date":"2024-09-25T12:52:23","date_gmt":"2024-09-25T12:52:23","guid":{"rendered":"https:\/\/vienna-local.guide\/?page_id=1772"},"modified":"2024-09-25T12:56:52","modified_gmt":"2024-09-25T12:56:52","slug":"datenschutz","status":"publish","type":"page","link":"https:\/\/vienna-local.guide\/en\/datenschutz\/","title":{"rendered":"Datenschutz"},"content":{"rendered":"<p>[et_pb_section fb_built=&#8220;1&#8243; _builder_version=&#8220;4.23.1&#8243; _module_preset=&#8220;default&#8220; da_disable_devices=&#8220;off|off|off&#8220; global_colors_info=&#8220;{}&#8220; da_is_popup=&#8220;off&#8220; da_exit_intent=&#8220;off&#8220; da_has_close=&#8220;on&#8220; da_alt_close=&#8220;off&#8220; da_dark_close=&#8220;off&#8220; da_not_modal=&#8220;on&#8220; da_is_singular=&#8220;off&#8220; da_with_loader=&#8220;off&#8220; da_has_shadow=&#8220;on&#8220;][et_pb_row _builder_version=&#8220;4.23.1&#8243; _module_preset=&#8220;default&#8220; hover_enabled=&#8220;0&#8243; global_colors_info=&#8220;{}&#8220; width_last_edited=&#8220;on|phone&#8220; width_phone=&#8220;90%&#8220; sticky_enabled=&#8220;0&#8243;][et_pb_column type=&#8220;4_4&#8243; _builder_version=&#8220;4.23.1&#8243; _module_preset=&#8220;default&#8220; global_colors_info=&#8220;{}&#8220;][et_pb_text _builder_version=&#8220;4.23.1&#8243; _module_preset=&#8220;default&#8220; text_font=&#8220;Montserrat||||||||&#8220; text_text_color=&#8220;#000000&#8243; global_colors_info=&#8220;{}&#8220;]<\/p>\n<p>&nbsp;<\/p>\n<h1><strong>Datenschutzerkl\u00e4rung Vienna Tour Guide<\/strong><\/h1>\n<p><strong><\/strong><\/p>\n<p>Angaben gem\u00e4\u00df Informationsp\ufb02icht laut \u00a75 E-Commerce Gesetz, \u00a714 Unternehmensgesetzbuch, \u00a763 Gewerbeordnung und Offenlegungsp\ufb02icht laut \u00a725 Mediengesetz.<\/p>\n<p>&nbsp;<\/p>\n<h2><u>Verantwortlicher f\u00fcr die Datenerfassung auf dieser Webseite ist:<\/u><\/h2>\n<p><strong>\u00a0<\/strong><\/p>\n<p>Unternehmen:<\/p>\n<p>Wolfgang Geist<\/p>\n<p>Dr.Thomas Klestil Strasse 4\/3\/10, 2443 Unterwaltersdorf Telefon: +43 660 9377002<\/p>\n<p>E-Mail: <span><a href=\"mailto:tourguide.wolfgang@hotmail.com\">tourguide.wolf<\/a><a href=\"mailto:gang@hotmail.com\">gang@hotmail.com<\/a> UID: ATU65903329<\/span><\/p>\n<p>FN:<\/p>\n<p>&nbsp;<\/p>\n<p>Unser Datenschutzbeauftragter ist erreichbar unter:<\/p>\n<p>&nbsp;<\/p>\n<h2>Datenschutzbeauftragter:<\/h2>\n<p>Wolfgang Geist<\/p>\n<p>Dr.Thomas Klestil Strasse 4\/3\/10 2443 Unterwaltersdorf<\/p>\n<p>+43 660 9377002<\/p>\n<p>&nbsp;<\/p>\n<p>Um den Rahmen unserer Datenerfassung transparent zu machen, erkl\u00e4ren wir hiermit, dass beim Zugriff auf unsere Webseite bestimmte Nutzerinformationen automatisch erfasst werden. Diese Erfassung dient dem Zweck, Ihnen die Nutzung unserer Webseite zu erm\u00f6glichen und um eine durchg\u00e4ngige Sicherheit und<\/p>\n<p>Performance der Seite zu gew\u00e4hrleisten. Gem\u00e4\u00df Art. 6 Abs. 1 f) DSGVO ist diese Verarbeitung von personenbezogenen Daten legitimiert. Im Rahmen Ihres Besuchs werden spezi\ufb01sche Daten erhoben, wie:<\/p>\n<p>&nbsp;<\/p>\n<ul>\n<li>Die IP-Adresse des Nutzers<\/li>\n<li>Art, Version und Spracheinstellungen des Browsers<\/li>\n<li>Das verwendete Betriebssystem und seine Ober\ufb02\u00e4che<\/li>\n<li>Der Zugriffsstatus, dargestellt durch den HTTP-Statuscode<\/li>\n<li>Datum, Uhrzeit der Anfrage und die dazugeh\u00f6rige Zeitzone<\/li>\n<li>Der Inhalt der Anforderung sowie die Ursprungsseite dieser Anforderung<\/li>\n<li>Das Datenvolumen, das \u00fcbertragen wurde<\/li>\n<\/ul>\n<p>&nbsp;<\/p>\n<p>Diese Informationen werden nur solange vorgehalten, wie sie zur Erf\u00fcllung der<\/p>\n<p>genannten Zwecke notwendig sind. Zus\u00e4tzlich m\u00f6chten wir Sie informieren, dass Sie das Recht haben, bei einer Datenschutzbeh\u00f6rde Beschwerde einzulegen, sollten Sie Bedenken hinsichtlich der Verarbeitung Ihrer Daten haben. F\u00fcr weitere Informationen zu den Datenschutzbeauftragten und deren Kontaktaufnahme besuchen Sie bitte den folgenden Link: [Link zur Datenschutzbeh\u00f6rde].<\/p>\n<p>&nbsp;<\/p>\n<h1>Ihre Rechte als Betroffener<\/h1>\n<p>Sie haben das Recht auf:<\/p>\n<p>&nbsp;<\/p>\n<ul>\n<li>Berichtigung und L\u00f6schung Ihrer Daten<\/li>\n<li>Daten\u00fcbertragbarkeit<\/li>\n<li>Einschr\u00e4nkung der Verarbeitung<\/li>\n<li>Auskunft \u00fcber Ihre personenbezogenen Daten<\/li>\n<li>Widerspruch gegen die Verarbeitung Ihrer Daten<\/li>\n<\/ul>\n<p>&nbsp;<\/p>\n<p>Die genauen Bedingungen f\u00fcr die Aus\u00fcbung dieser Rechte \ufb01nden sich in der DSGVO und im BDSG-neu.<\/p>\n<p><span>\u00a0<\/span><\/p>\n<h1>Kontaktformular und E-Mail-Kontakt<\/h1>\n<p>Wenn Sie uns \u00fcber das Kontaktformular auf unserer Webseite Anfragen zukommen lassen, werden die von Ihnen mitgeteilten Daten gespeichert, um Ihre Fragen zu<\/p>\n<p>beantworten. Die Daten aus dem Kontaktformular werden verschl\u00fcsselt \u00fcbermittelt.<\/p>\n<p>&nbsp;<\/p>\n<p>Rechtsgrundlage f\u00fcr die Verarbeitung dieser Daten ist Art. 6 Abs. 1 b) oder f) DSGVO, je nach Inhalt Ihrer Anfrage.<\/p>\n<p>&nbsp;<\/p>\n<h1>SSL-Verschl\u00fcsselung<\/h1>\n<p>Zum Schutz Ihrer Daten nutzen wir auf unserer Webseite eine SSL-Verschl\u00fcsselung. Sie erkennen eine verschl\u00fcsselte Verbindung daran, dass die Adresszeile des Browsers von &#8222;http:\/\/&#8220; zu &#8222;https:\/\/&#8220; wechselt.<\/p>\n<p>&nbsp;<\/p>\n<h1>Widerspruch gegen Werbe-E-Mails<\/h1>\n<p>Wir widersprechen der Nutzung von im Rahmen der Impressumsp\ufb02icht<\/p>\n<p>ver\u00f6ffentlichten Kontaktdaten zur \u00dcbersendung von nicht ausdr\u00fccklich angeforderter Werbung und Informationsmaterialien.<\/p>\n<p>&nbsp;<\/p>\n<h1>\u00dcbermittlung Ihrer Daten an Dritte<\/h1>\n<p>&nbsp;<\/p>\n<p>Ihre personenbezogenen Daten werden nur unter bestimmten Umst\u00e4nden und unter strikter Einhaltung aller Datenschutzbestimmungen an Dritte weitergegeben. Im<\/p>\n<p>Einzelnen handelt es sich um folgende F\u00e4lle und Empf\u00e4nger:<\/p>\n<p>&nbsp;<\/p>\n<p>Durch den Besuch unserer Website werden Daten an folgende Dienste und Plattformen \u00fcbermittelt:<\/p>\n<p>&nbsp;<\/p>\n<ul>\n<li>Google Analytics<\/li>\n<\/ul>\n<ul>\n<li>Google Search Console<\/li>\n<\/ul>\n<ul>\n<li>Google Ads<\/li>\n<\/ul>\n<ul>\n<li>Facebook<\/li>\n<\/ul>\n<ul>\n<li>Instagram<\/li>\n<\/ul>\n<ul>\n<li>Twitter<\/li>\n<\/ul>\n<p>&nbsp;<\/p>\n<p>Wir gew\u00e4hrleisten, dass diese \u00dcbermittlungen im Einklang mit den geltenden<\/p>\n<p>Datenschutzgesetzen erfolgen und setzen uns daf\u00fcr ein, die Sicherheit Ihrer Daten zu jeder Zeit zu sch\u00fctzen.<\/p>\n<p>&nbsp;<\/p>\n<h1>Information von dritten Anbietern<\/h1>\n<h2>Google Analytics<\/h2>\n<p>Verarbeitete Daten: Besuchszeitpunkte, Seitenaufrufe, Verweildauer, Absprungraten, die Quellen des Verkehrs und demogra\ufb01sche Daten wie Alter und Interessen der<\/p>\n<p>Nutzer.<\/p>\n<p>Datenschutzerkl\u00e4rung: Google hat eine umfassende Datenschutzerkl\u00e4rung, die<\/p>\n<p>beschreibt, wie Daten gesammelt und verwendet werden. Suchen Sie nach \u201cGoogle Datenschutzerkl\u00e4rung\u201d f\u00fcr die neuesten Informationen.<\/p>\n<p>Link zur Datenschutzerkl\u00e4rung von <span><a href=\"https:\/\/policies.google.com\/privacy?hl=de\"><u>Google<\/u><\/a>.<\/span><\/p>\n<p>&nbsp;<\/p>\n<h2>Google Search Console<\/h2>\n<p>Verarbeitete Daten: Informationen \u00fcber die Sichtbarkeit und Performance der Website in der Google-Suche, einschlie\u00dflich Suchanfragen, die zu einer Website f\u00fchrten, und die Click-Through-Rate (CTR) f\u00fcr bestimmte Keywords.<\/p>\n<p>Datenschutzerkl\u00e4rung: Da dies ein Google-Service ist, gilt auch hier die allgemeine Google Datenschutzerkl\u00e4rung.<\/p>\n<p>Link zur Datenschutzerkl\u00e4rung von <span><a href=\"https:\/\/policies.google.com\/privacy?hl=de\"><u>Google<\/u><\/a>.<\/span><\/p>\n<p>&nbsp;<\/p>\n<h2>Google Ads<\/h2>\n<p>Verarbeitete Daten: Daten \u00fcber die Interaktionen der Nutzer mit Werbeanzeigen, wie Klicks auf Anzeigen, Anzeigenleistung und Informationen dar\u00fcber, wie Nutzer auf die Website gekommen sind.<\/p>\n<p>Datenschutzerkl\u00e4rung: Google bietet detaillierte Informationen zur Datennutzung in Verbindung mit Google Ads in seiner Datenschutzerkl\u00e4rung.<\/p>\n<p>Link zur Datenschutzerkl\u00e4rung von <span><a href=\"https:\/\/policies.google.com\/privacy?hl=de\"><u>Google<\/u><\/a>.<\/span><\/p>\n<p>&nbsp;<\/p>\n<h2>Facebook, Instagram, und LinkedIn<\/h2>\n<p>Verarbeitete Daten: Informationen \u00fcber Interaktionen mit Werbeanzeigen oder Beitr\u00e4gen, demogra\ufb01sche Daten, Interessen und Verhalten der Nutzer auf diesen Plattformen.<\/p>\n<p>Datenschutzerkl\u00e4rung: Alle diese Plattformen bieten ausf\u00fchrliche<\/p>\n<p>Datenschutzerkl\u00e4rungen auf ihren Websites an, die erkl\u00e4ren, wie sie Daten sammeln und verwenden (suchen Sie nach \u201cFacebook Datenschutzerkl\u00e4rung\u201d, \u201cInstagram<\/p>\n<p>Datenschutzerkl\u00e4rung\u201d, \u201cLinkedIn Datenschutzerkl\u00e4rung\u201d).<\/p>\n<p>Link zur Datenschutzerkl\u00e4rung von <span><a href=\"https:\/\/www.facebook.com\/privacy\/policy\/\"><u>Facebook<\/u><\/a><\/span>, <span><a href=\"https:\/\/help.instagram.com\/155833707900388?cms_id=155833707900388\"><u>Instagram<\/u> <\/a>und <a href=\"https:\/\/de.linkedin.com\/legal\/privacy-policy\"><u>Linkedin<\/u><\/a>.<\/span><\/p>\n<p>&nbsp;<\/p>\n<h2>Twitter (X)<\/h2>\n<p>Verarbeitete Daten: Interaktionen mit Tweets, Anzeigen, die angezeigten Inhalte und m\u00f6glicherweise Standortdaten, um die Nutzungserfahrung zu personalisieren.<\/p>\n<p>Datenschutzerkl\u00e4rung: Twitter bietet eine Datenschutzerkl\u00e4rung, die Einzelheiten dar\u00fcber enth\u00e4lt, wie Nutzerdaten gesammelt, verwendet und geteilt werden.<\/p>\n<p>Link zur Datenschutzerkl\u00e4rung von <span><a href=\"https:\/\/twitter.com\/de\/privacy\"><u>Twitter (X)<\/u><\/a>.<\/span><\/p>\n<p>&nbsp;<\/p>\n<h2>Google Docs &amp; Google Drive<\/h2>\n<p>Verarbeitete Daten: Dokumentinhalte, Bearbeitungshistorie, Kommentare und<\/p>\n<p>Freigabeeinstellungen f\u00fcr Dokumente und Dateien, die auf Google Drive gespeichert sind.<\/p>\n<p>Datenschutzerkl\u00e4rung: Die Google Datenschutzerkl\u00e4rung deckt auch diese Dienste ab.<\/p>\n<p>Link zur Datenschutzerkl\u00e4rung von <span><a href=\"https:\/\/policies.google.com\/privacy?hl=de\"><u>Google<\/u><\/a>.<\/span><\/p>\n<p>&nbsp;<\/p>\n<h2>Microsoft<\/h2>\n<p>Verarbeitete Daten: Je nach genutztem Service (z.B. O\ufb03ce 365) k\u00f6nnen Daten wie Nutzeridentit\u00e4ten, Dokumentinhalte, Nutzungsdaten und Kommunikationsdaten verarbeitet werden.<\/p>\n<p>Datenschutzerkl\u00e4rung: Microsoft bietet detaillierte Datenschutzrichtlinien f\u00fcr seine verschiedenen Dienste an.<\/p>\n<p>Link zur Datenschutzerkl\u00e4rung von <span><a href=\"https:\/\/privacy.microsoft.com\/de-de\/privacystatement\"><u>Microsoft<\/u><\/a>.<\/span><\/p>\n<p>&nbsp;<\/p>\n<h2>Apple<\/h2>\n<p>Verarbeitete Daten: Informationen zu Nutzeridentit\u00e4ten, Ger\u00e4tekon\ufb01gurationen, sowie Nutzungsinformationen von Diensten wie iCloud.<\/p>\n<p>Datenschutzerkl\u00e4rung: Apple ver\u00f6ffentlicht Datenschutzrichtlinien, die die Sammlung und Nutzung personenbezogener Daten durch ihre Produkte und Dienstleistungen abdecken.<\/p>\n<p>&nbsp;<\/p>\n<p>Link zur Datenschutzerkl\u00e4rung von <span><a href=\"https:\/\/www.apple.com\/legal\/privacy\/de-ww\/\"><u>Apple<\/u><\/a>.<\/span><\/p>\n<p>&nbsp;<\/p>\n<h1>Datensicherheit<\/h1>\n<p>Wir haben umfangreiche technische und organisatorische Ma\u00dfnahmen ergriffen, um Ihre Daten vor Verlust, Zerst\u00f6rung, Manipulation und unberechtigtem Zugriff zu sch\u00fctzen.<\/p>\n<p>&nbsp;<\/p>\n<h1>\u00c4nderungen unserer Datenschutzerkl\u00e4rung<\/h1>\n<p>Wir behalten uns vor, diese Datenschutzerkl\u00e4rung anzupassen, um sie stets aktuellen rechtlichen Anforderungen anzupassen oder um \u00c4nderungen unserer Dienste in der Datenschutzerkl\u00e4rung umzusetzen.<\/p>\n<p>[\/et_pb_text][\/et_pb_column][\/et_pb_row][\/et_pb_section]<\/p>\n","protected":false},"excerpt":{"rendered":"<p>&nbsp; Datenschutzerkl\u00e4rung Vienna Tour Guide Angaben gem\u00e4\u00df Informationsp\ufb02icht laut \u00a75 E-Commerce Gesetz, \u00a714 Unternehmensgesetzbuch, \u00a763 Gewerbeordnung und Offenlegungsp\ufb02icht laut \u00a725 Mediengesetz. &nbsp; Verantwortlicher f\u00fcr die Datenerfassung auf dieser Webseite ist: \u00a0 Unternehmen: Wolfgang Geist Dr.Thomas Klestil Strasse 4\/3\/10, 2443 Unterwaltersdorf Telefon: +43 660 9377002 E-Mail: tourguide.wolfgang@hotmail.com UID: ATU65903329 FN: &nbsp; Unser Datenschutzbeauftragter ist erreichbar unter: [&hellip;]<\/p>\n","protected":false},"author":5,"featured_media":0,"parent":0,"menu_order":0,"comment_status":"closed","ping_status":"closed","template":"","meta":{"_acf_changed":false,"_et_pb_use_builder":"on","_et_pb_old_content":"","_et_gb_content_width":"","footnotes":""},"class_list":["post-1772","page","type-page","status-publish","hentry"],"acf":[],"_links":{"self":[{"href":"https:\/\/vienna-local.guide\/en\/wp-json\/wp\/v2\/pages\/1772","targetHints":{"allow":["GET"]}}],"collection":[{"href":"https:\/\/vienna-local.guide\/en\/wp-json\/wp\/v2\/pages"}],"about":[{"href":"https:\/\/vienna-local.guide\/en\/wp-json\/wp\/v2\/types\/page"}],"author":[{"embeddable":true,"href":"https:\/\/vienna-local.guide\/en\/wp-json\/wp\/v2\/users\/5"}],"replies":[{"embeddable":true,"href":"https:\/\/vienna-local.guide\/en\/wp-json\/wp\/v2\/comments?post=1772"}],"version-history":[{"count":3,"href":"https:\/\/vienna-local.guide\/en\/wp-json\/wp\/v2\/pages\/1772\/revisions"}],"predecessor-version":[{"id":1780,"href":"https:\/\/vienna-local.guide\/en\/wp-json\/wp\/v2\/pages\/1772\/revisions\/1780"}],"wp:attachment":[{"href":"https:\/\/vienna-local.guide\/en\/wp-json\/wp\/v2\/media?parent=1772"}],"curies":[{"name":"wp","href":"https:\/\/api.w.org\/{rel}","templated":true}]}}